{"id":7187,"date":"2012-04-17T12:56:13","date_gmt":"2012-04-17T10:56:13","guid":{"rendered":"https:\/\/paolacaovilla.it\/?page_id=7187"},"modified":"2019-10-03T10:46:37","modified_gmt":"2019-10-03T08:46:37","slug":"paola-pittrice-2","status":"publish","type":"page","link":"https:\/\/paolacaovilla.it\/?page_id=7187","title":{"rendered":"Paola Pittrice"},"content":{"rendered":"<p style=\"text-align: justify;\">Bella, elegante, trasgressiva, sono gli aggettivi che meglio descrivono la personalit\u00e0 di Paola Buratto Caovilla. Pittrice e creatrice cosmopolita vive tra Venezia, Parigi, New York. Collabora attivamente con la Maison di famiglia, la Ren\u00e9 Caovilla, grazie alla quale \u00e8 entrata in contatto con gli atelier e i designer delle pi\u00f9 importanti Case di moda internazionali tra cui Valentino, Dior, Galliano e Chanel. Nata a Belluno in una famiglia che discende dal celebre pittore veneziano Giovanni Battista Piazzetta, Paola ha cominciato a giocare con colori e pennelli fin dalla pi\u00f9 tenera et\u00e0 specializzandosi nell\u2019acquerello, una tecnica molto raffinata che non ammette errori poich\u00e9 la trasparenza del <a href=\"https:\/\/paolacaovilla.it\/?attachment_id=7189\" rel=\"attachment wp-att-7189\"><img loading=\"lazy\" decoding=\"async\" class=\" wp-image-7189 alignleft\" src=\"https:\/\/paolacaovilla.it\/wp-content\/uploads\/2016\/04\/PAOLA-CAOVILLA_quadro-215x300.jpg\" alt=\"PAOLA-CAOVILLA_quadro\" width=\"231\" height=\"322\" srcset=\"https:\/\/paolacaovilla.it\/wp-content\/uploads\/2016\/04\/PAOLA-CAOVILLA_quadro-215x300.jpg 215w, https:\/\/paolacaovilla.it\/wp-content\/uploads\/2016\/04\/PAOLA-CAOVILLA_quadro-186x260.jpg 186w, https:\/\/paolacaovilla.it\/wp-content\/uploads\/2016\/04\/PAOLA-CAOVILLA_quadro.jpg 558w\" sizes=\"auto, (max-width: 231px) 100vw, 231px\" \/><\/a>colore non nasconde la stesura sottostante. E se \u00e8 vero che anche Andy Warhol, icona della Pop Art, ha iniziato la sua attivit\u00e0 artistica con schizzi e acquerelli di fantasiose calzature, quali sorprese ci riserva il futuro artistico di Paola Buratto Caovilla, vista la stessa passione che li accomuna? Tra le opere esposte si potranno ammirare alcuni acquerelli che Paola Buratto Caovilla ha realizzato all\u2019inizio della sua attivit\u00e0 artistica. In questi acquerelli realizzati su carte a mano dal fondo bianco, spiccano le pennellate delicate, perlacee, i decori di pietre trasparenti e colori orientali. Sono opere di grande eleganza e leggerezza, ironicamente borghesi ed estremamente decorative. All\u2019interno dell\u2019outline, si scopre l\u2019anima e la vita di ogni singola scarpa.<br \/>\nLife is Beautiful Dal 23 al 29 marzo 2013 Vernissage 22 marzo 2013 a partire dalle ore 18.00<br \/>\nOttavio Fabbri e Robert Zehil Gallery 27, avenue de la Coste \u2013 Principato di Monaco<br \/>\nPennellate di stile(tto) dal 23 al 31 marzo, presso la Monte-Carlo Art Gallery di Montecarlo. Una mostra in cui la pittura si fonde con le calzature<\/p>\n","protected":false},"excerpt":{"rendered":"<p>Bella, elegante, trasgressiva, sono gli aggettivi che meglio descrivono la personalit\u00e0 di Paola Buratto Caovilla. Pittrice e creatrice cosmopolita vive tra Venezia, Parigi, New York. Collabora attivamente con la Maison di famiglia, la Ren\u00e9 Caovilla, grazie alla quale \u00e8 entrata in contatto con gli atelier e i designer delle pi\u00f9 importanti Case di moda internazionali &hellip; <a href=\"https:\/\/paolacaovilla.it\/?page_id=7187\" class=\"more-link\">Continue reading <span class=\"screen-reader-text\">Paola Pittrice<\/span><\/a><\/p>\n","protected":false},"author":1,"featured_media":7188,"parent":0,"menu_order":2,"comment_status":"closed","ping_status":"closed","template":"","meta":{"footnotes":""},"class_list":["post-7187","page","type-page","status-publish","has-post-thumbnail","hentry"],"_links":{"self":[{"href":"https:\/\/paolacaovilla.it\/index.php?rest_route=\/wp\/v2\/pages\/7187","targetHints":{"allow":["GET"]}}],"collection":[{"href":"https:\/\/paolacaovilla.it\/index.php?rest_route=\/wp\/v2\/pages"}],"about":[{"href":"https:\/\/paolacaovilla.it\/index.php?rest_route=\/wp\/v2\/types\/page"}],"author":[{"embeddable":true,"href":"https:\/\/paolacaovilla.it\/index.php?rest_route=\/wp\/v2\/users\/1"}],"replies":[{"embeddable":true,"href":"https:\/\/paolacaovilla.it\/index.php?rest_route=%2Fwp%2Fv2%2Fcomments&post=7187"}],"version-history":[{"count":1,"href":"https:\/\/paolacaovilla.it\/index.php?rest_route=\/wp\/v2\/pages\/7187\/revisions"}],"predecessor-version":[{"id":7190,"href":"https:\/\/paolacaovilla.it\/index.php?rest_route=\/wp\/v2\/pages\/7187\/revisions\/7190"}],"wp:featuredmedia":[{"embeddable":true,"href":"https:\/\/paolacaovilla.it\/index.php?rest_route=\/wp\/v2\/media\/7188"}],"wp:attachment":[{"href":"https:\/\/paolacaovilla.it\/index.php?rest_route=%2Fwp%2Fv2%2Fmedia&parent=7187"}],"curies":[{"name":"wp","href":"https:\/\/api.w.org\/{rel}","templated":true}]}}