{"id":3966,"date":"2013-03-11T16:01:06","date_gmt":"2013-03-11T14:01:06","guid":{"rendered":"https:\/\/paolacaovilla.it\/?page_id=3966"},"modified":"2019-10-03T10:47:24","modified_gmt":"2019-10-03T08:47:24","slug":"paola-pittrice","status":"publish","type":"page","link":"https:\/\/paolacaovilla.it\/?page_id=3966","title":{"rendered":"Life is Beautiful."},"content":{"rendered":"<div class=\"wpb-content-wrapper\"><p>[vc_row tm_bgcolor=&#8221;white&#8221;][vc_column tm_bgcolor=&#8221;white&#8221;][vc_column_text]<\/p>\n<p style=\"text-align: center;\"><a href=\"https:\/\/paolacaovilla.it\/wp-content\/uploads\/2011\/04\/COVER_LIFE-IS-BEAUTIFUL.jpg\"><img loading=\"lazy\" decoding=\"async\" class=\" wp-image-5790 alignnone\" src=\"https:\/\/paolacaovilla.it\/wp-content\/uploads\/2011\/04\/COVER_LIFE-IS-BEAUTIFUL-300x250.jpg\" alt=\"COVER_LIFE IS BEAUTIFUL\" width=\"604\" height=\"503\" srcset=\"https:\/\/paolacaovilla.it\/wp-content\/uploads\/2011\/04\/COVER_LIFE-IS-BEAUTIFUL-300x250.jpg 300w, https:\/\/paolacaovilla.it\/wp-content\/uploads\/2011\/04\/COVER_LIFE-IS-BEAUTIFUL.jpg 361w\" sizes=\"auto, (max-width: 604px) 100vw, 604px\" \/><\/a><\/p>\n<p align=\"CENTER\"><span style=\"font-family: Georgia,Times New Roman;\"><span style=\"color: #fe0000;\"><span style=\"font-size: x-large;\"><b>PAOLA BURATTO CAOVILLA<br \/>\n<\/b><\/span><\/span><\/span><\/p>\n<p style=\"text-align: justify;\"><span style=\"font-family: Georgia,Times New Roman;\"><span style=\"font-size: 10pt;\"> &#8220;Life is Beautiful&#8221; \u00e8 il nuovo libro di Paola Buratto Caovilla \u2013 la regina delle scarpe femminili nel mondo \u2013 che, dopo il successo di &#8220;Happy Book&#8221;, ha creato con il suo stile unico e molto particolare un libro illustrato carico di ottimismo, un inno alla vita, ripercorrendo quella di suo padre Zeno. La speranza per il futuro \u00e8 il <i>fil rouge<\/i> della storia di Zeno Buratto, dalla guerra al campo di concentramento, dal lavoro alla passione per le calzature sino ai suoi viaggi alla scoperta del mondo e all&#8217;amore per gli altri e l&#8217;invenzione di innovativi strumenti di deambulazione per regalare nuove possibilit\u00e0 ai poveri tra i pi\u00f9 poveri, i bambini serpenti, che vivono l&#8217;estrema difficolt\u00e0 dell&#8217;essere invalidi nell&#8217;Africa pi\u00f9 indigente. Il racconto di un uomo che diede lavoro nella sua terra, il Trevigiano, e che non demonizz\u00f2 il profitto, anzi. Generosamente impieg\u00f2 il proprio denaro, con l&#8217;aiuto di sacerdoti e volontari, per rimettere in piedi non solo il corpo ma anche lo spirito di una comunit\u00e0 emarginata. Quella di Zeno Buratto fu una vita ricca, a cui appassionarsi: con moltissime citazioni fotografiche, bozzetti delicati e coinvolgente documentazione, &#8220;Life is Beautiful&#8221; \u00e8 un diario dettagliato, prezioso, colmo di storia ma al tempo stesso intimo, familiare, che cerca di guardare al futuro con gioia, traendo insegnamento dalla sua lunga esistenza felice e cercando di accompagnare il lettore ad \u201cinnamorarsi ogni giorno della vita\u201d. Perch\u00e9, come ricorda il magistrato Carlo Nordio nella prefazione al libro <i>&#8220;Anche lui liber\u00f2 tanti bambini dalla miseria, dall&#8217;invalidit\u00e0 e dai pregiudizi, lasciandoci un messaggio amorevole ma al tempo stesso severo: che la compassione sterile si atrofizza, come gli arti malati, in un rassegnato immobilismo e che soltanto traducendosi in attivit\u00e0 concreta l&#8217;amore pu\u00f2 curare, e talvolta anche guarire&#8221;. <\/i>Una testimonianza tra impresa, esplorazioni, cultura e generosit\u00e0 che verr\u00e0 raccontata a Villa Necchi, a Milano, nella presentazione ufficiale il prossimo 25 novembre.<\/span> <\/span><\/p>\n<hr \/>\n<p style=\"text-align: center;\"><span style=\"font-size: 14pt;\"><strong>&#8220;Pap\u00e0 vendeva scarpe, ma sognava e insegnava a volare. A occhi chiusi&#8221;<\/strong><\/span><\/p>\n<p style=\"text-align: center;\"><a href=\"https:\/\/paolacaovilla.it\/wp-content\/uploads\/2014\/11\/141101_IoDonna-1.jpg\"><img loading=\"lazy\" decoding=\"async\" class=\"aligncenter size-medium wp-image-5810\" src=\"https:\/\/paolacaovilla.it\/wp-content\/uploads\/2014\/11\/141101_IoDonna-1-226x300.jpg\" alt=\"141101_IoDonna-1\" width=\"226\" height=\"300\" srcset=\"https:\/\/paolacaovilla.it\/wp-content\/uploads\/2014\/11\/141101_IoDonna-1-226x300.jpg 226w, https:\/\/paolacaovilla.it\/wp-content\/uploads\/2014\/11\/141101_IoDonna-1-772x1024.jpg 772w\" sizes=\"auto, (max-width: 226px) 100vw, 226px\" \/><\/a><a href=\"https:\/\/paolacaovilla.it\/wp-content\/uploads\/2014\/11\/141101_IoDonna-2.jpg\"><img loading=\"lazy\" decoding=\"async\" class=\"aligncenter size-medium wp-image-5811\" src=\"https:\/\/paolacaovilla.it\/wp-content\/uploads\/2014\/11\/141101_IoDonna-2-226x300.jpg\" alt=\"141101_IoDonna-2\" width=\"226\" height=\"300\" srcset=\"https:\/\/paolacaovilla.it\/wp-content\/uploads\/2014\/11\/141101_IoDonna-2-226x300.jpg 226w, https:\/\/paolacaovilla.it\/wp-content\/uploads\/2014\/11\/141101_IoDonna-2-772x1024.jpg 772w\" sizes=\"auto, (max-width: 226px) 100vw, 226px\" \/><\/a><a href=\"https:\/\/paolacaovilla.it\/wp-content\/articoli\/IoDonna.pdf\" target=\"_blank\" rel=\"noopener noreferrer\">LEGGI L&#8217;ARTICOLO<\/a><\/p>\n<p style=\"text-align: center;\"><a href=\"https:\/\/paolacaovilla.it\/wp-content\/uploads\/2014\/11\/nuovavenezia.jpg\"><img loading=\"lazy\" decoding=\"async\" class=\"aligncenter size-medium wp-image-5819\" src=\"https:\/\/paolacaovilla.it\/wp-content\/uploads\/2014\/11\/nuovavenezia-218x300.jpg\" alt=\"nuovavenezia\" width=\"218\" height=\"300\" srcset=\"https:\/\/paolacaovilla.it\/wp-content\/uploads\/2014\/11\/nuovavenezia-218x300.jpg 218w, https:\/\/paolacaovilla.it\/wp-content\/uploads\/2014\/11\/nuovavenezia.jpg 698w\" sizes=\"auto, (max-width: 218px) 100vw, 218px\" \/><\/a><a href=\"https:\/\/paolacaovilla.it\/wp-content\/articoli\/nuovavenezia.pdf\" target=\"_blank\" rel=\"noopener noreferrer\">LEGGI L&#8217;ARTICOLO<\/a><\/p>\n<p style=\"text-align: center;\"><a href=\"https:\/\/paolacaovilla.it\/wp-content\/uploads\/2014\/11\/gazzettino.jpg\"><img loading=\"lazy\" decoding=\"async\" class=\"aligncenter size-medium wp-image-5829\" src=\"https:\/\/paolacaovilla.it\/wp-content\/uploads\/2014\/11\/gazzettino-211x300.jpg\" alt=\"gazzettino\" width=\"211\" height=\"300\" srcset=\"https:\/\/paolacaovilla.it\/wp-content\/uploads\/2014\/11\/gazzettino-211x300.jpg 211w, https:\/\/paolacaovilla.it\/wp-content\/uploads\/2014\/11\/gazzettino.jpg 678w\" sizes=\"auto, (max-width: 211px) 100vw, 211px\" \/><\/a><a href=\"https:\/\/paolacaovilla.it\/wp-content\/articoli\/gazzettino.pdf\">LEGGI L&#8217;ARTICOLO<\/a><\/p>\n<p><a href=\"https:\/\/paolacaovilla.it\/wp-content\/uploads\/2014\/11\/foto.jpg\"><img loading=\"lazy\" decoding=\"async\" class=\"aligncenter size-medium wp-image-5864\" src=\"https:\/\/paolacaovilla.it\/wp-content\/uploads\/2014\/11\/foto-300x170.jpg\" alt=\"foto\" width=\"300\" height=\"170\" srcset=\"https:\/\/paolacaovilla.it\/wp-content\/uploads\/2014\/11\/foto-300x170.jpg 300w, https:\/\/paolacaovilla.it\/wp-content\/uploads\/2014\/11\/foto.jpg 640w\" sizes=\"auto, (max-width: 300px) 100vw, 300px\" \/><\/a><!--nextpage--><br \/>\n<iframe loading=\"lazy\" src=\"\/\/www.youtube.com\/embed\/-h74iD4_-XU\" width=\"560\" height=\"315\" frameborder=\"0\" allowfullscreen=\"allowfullscreen\"><\/iframe><br \/>\n<iframe loading=\"lazy\" src=\"\/\/www.youtube.com\/embed\/kHUGcCs1FYw\" width=\"560\" height=\"315\" frameborder=\"0\" allowfullscreen=\"allowfullscreen\"><\/iframe><\/p>\n<p><iframe loading=\"lazy\" src=\"\/\/www.youtube.com\/embed\/pFs0c26gvZ4\" width=\"560\" height=\"315\" frameborder=\"0\" allowfullscreen=\"allowfullscreen\"><\/iframe>[\/vc_column_text][\/vc_column][\/vc_row]<\/p>\n<\/div>","protected":false},"excerpt":{"rendered":"<p>[vc_row tm_bgcolor=&#8221;white&#8221;][vc_column tm_bgcolor=&#8221;white&#8221;][vc_column_text] PAOLA BURATTO CAOVILLA &#8220;Life is Beautiful&#8221; \u00e8 il nuovo libro di Paola Buratto Caovilla \u2013 la regina delle scarpe femminili nel mondo \u2013 che, dopo il successo di &#8220;Happy Book&#8221;, ha creato con il suo stile unico e molto particolare un libro illustrato carico di ottimismo, un inno alla vita, ripercorrendo quella &hellip; <a href=\"https:\/\/paolacaovilla.it\/?page_id=3966\" class=\"more-link\">Continue reading <span class=\"screen-reader-text\">Life is Beautiful.<\/span><\/a><\/p>\n","protected":false},"author":1,"featured_media":0,"parent":0,"menu_order":1,"comment_status":"closed","ping_status":"open","template":"","meta":{"footnotes":""},"class_list":["post-3966","page","type-page","status-publish","hentry"],"_links":{"self":[{"href":"https:\/\/paolacaovilla.it\/index.php?rest_route=\/wp\/v2\/pages\/3966","targetHints":{"allow":["GET"]}}],"collection":[{"href":"https:\/\/paolacaovilla.it\/index.php?rest_route=\/wp\/v2\/pages"}],"about":[{"href":"https:\/\/paolacaovilla.it\/index.php?rest_route=\/wp\/v2\/types\/page"}],"author":[{"embeddable":true,"href":"https:\/\/paolacaovilla.it\/index.php?rest_route=\/wp\/v2\/users\/1"}],"replies":[{"embeddable":true,"href":"https:\/\/paolacaovilla.it\/index.php?rest_route=%2Fwp%2Fv2%2Fcomments&post=3966"}],"version-history":[{"count":1,"href":"https:\/\/paolacaovilla.it\/index.php?rest_route=\/wp\/v2\/pages\/3966\/revisions"}],"predecessor-version":[{"id":8214,"href":"https:\/\/paolacaovilla.it\/index.php?rest_route=\/wp\/v2\/pages\/3966\/revisions\/8214"}],"wp:attachment":[{"href":"https:\/\/paolacaovilla.it\/index.php?rest_route=%2Fwp%2Fv2%2Fmedia&parent=3966"}],"curies":[{"name":"wp","href":"https:\/\/api.w.org\/{rel}","templated":true}]}}